{"id":60,"date":"2023-09-01T11:47:09","date_gmt":"2023-09-01T09:47:09","guid":{"rendered":"https:\/\/delorean360.com\/dentalsonsardina\/?page_id=60"},"modified":"2023-09-01T11:51:04","modified_gmt":"2023-09-01T09:51:04","slug":"politicas-de-privacidad","status":"publish","type":"page","link":"https:\/\/dentalsonsardina.com\/ru\/politicas-de-privacidad\/","title":{"rendered":"Pol\u00edticas de Privacidad"},"content":{"rendered":"\t\t<div data-elementor-type=\"wp-page\" data-elementor-id=\"60\" class=\"elementor elementor-60\">\n\t\t\t\t\t\t<section class=\"elementor-section elementor-top-section elementor-element elementor-element-8d6b716 elementor-section-boxed elementor-section-height-default elementor-section-height-default\" data-id=\"8d6b716\" data-element_type=\"section\">\n\t\t\t\t\t\t<div class=\"elementor-container elementor-column-gap-default\">\n\t\t\t\t\t<div class=\"elementor-column elementor-col-100 elementor-top-column elementor-element elementor-element-e0efcdc\" data-id=\"e0efcdc\" data-element_type=\"column\">\n\t\t\t<div class=\"elementor-widget-wrap elementor-element-populated\">\n\t\t\t\t\t\t<div class=\"elementor-element elementor-element-7bb8d66 elementor-widget elementor-widget-text-editor\" data-id=\"7bb8d66\" data-element_type=\"widget\" data-widget_type=\"text-editor.default\">\n\t\t\t\t<div class=\"elementor-widget-container\">\n\t\t\t\t\t\t\t\t\t<p><\/p><h2 class=\"wp-block-heading has-text-align-center\"><strong>Pol\u00edtica de Privacidad<\/strong><\/h2><p> <\/p><h2 class=\"wp-block-heading has-text-align-center\"><strong>\u201cSUS DATOS SEGUROS\u201d<\/strong><\/h2><p> <\/p><h2 class=\"wp-block-heading has-text-align-center has-medium-font-size\">Informaci\u00f3n en cumplimiento de la normativa de protecci\u00f3n de datos personales<\/h2><p> <\/p><div class=\"wp-block-spacer\" aria-hidden=\"true\">\u00a0<\/div><p> <\/p><p class=\"has-medium-font-size\">En Europa y en Espa\u00f1a existen normas de protecci\u00f3n de datos pensadas para proteger su informaci\u00f3n personal de obligado cumplimiento para nuestra entidad.<\/p><p> <\/p><p class=\"has-medium-font-size\">Por ello, es muy importante para nosotros que entienda perfectamente qu\u00e9 vamos a hacer con los datos personales que le pedimos.<\/p><p> <\/p><p class=\"has-medium-font-size\">As\u00ed, seremos transparentes y le daremos el control de sus datos, con un lenguaje sencillo y opciones claras que le permitir\u00e1n decidir qu\u00e9 haremos con su informaci\u00f3n personal.<\/p><p> <\/p><p class=\"has-medium-font-size\">Por favor, si una vez le\u00edda la presente informaci\u00f3n le queda alguna duda, no dude en preguntarnos.<\/p><p> <\/p><p class=\"has-medium-font-size\">Muchas gracias por su colaboraci\u00f3n.<\/p><p> <\/p><p class=\"has-medium-font-size\"><strong>\u00bfQui\u00e9nes somos?<\/strong><\/p><p> <\/p><ul class=\"has-medium-font-size wp-block-list\"><li>Nuestra denominaci\u00f3n: <strong>SVETLANA FOTINA<\/strong><\/li><\/ul><p> <\/p><ul class=\"has-medium-font-size wp-block-list\"><li>Nuestro CIF \/ NIF: <strong>49770169D<\/strong><\/li><\/ul><p> <\/p><ul class=\"has-medium-font-size wp-block-list\"><li>Nuestra actividad principal:<strong> ODONTOLOG\u00cdA\/SANIDAD<\/strong><\/li><\/ul><p> <\/p><ul class=\"has-medium-font-size wp-block-list\"><li>Nuestra direcci\u00f3n: <strong>C\/. Passatemps,123 Bj., CP 07120, Son Sardina (Balears (Illes))<\/strong><\/li><\/ul><p> <\/p><ul class=\"has-medium-font-size wp-block-list\"><li>Nuestro tel\u00e9fono de contacto: <strong>971438673<\/strong><\/li><\/ul><p> <\/p><ul class=\"has-medium-font-size wp-block-list\"><li>Nuestra direcci\u00f3n de correo electr\u00f3nico de contacto: <strong>dentalclinicsonsardina@gmail.com<\/strong><\/li><\/ul><p> <\/p><ul class=\"has-medium-font-size wp-block-list\"><li>Nuestra p\u00e1gina web: <strong>WWW.DENTALSONSARDINA.COM<\/strong><\/li><\/ul><p> <\/p><ul class=\"has-medium-font-size wp-block-list\"><li>Para su confianza y seguridad, le informamos que somos una entidad inscrita en el siguiente Registro Mercantil \/Registro P\u00fablico:<\/li><\/ul><p> <\/p><ul class=\"has-medium-font-size wp-block-list\"><li>Nuestra actividad principal est\u00e1 sujeta a un r\u00e9gimen de autorizaci\u00f3n administrativa previa. Para su confianza y seguridad, le facilitamos los datos relativos a dicha autorizaci\u00f3n y los identificativos del \u00f3rgano competente de nuestra supervisi\u00f3n:<\/li><\/ul><p> <\/p><p class=\"has-medium-font-size\"><strong>Autorizaci\u00f3n administrativa:<\/strong><\/p><p> <\/p><p class=\"has-medium-font-size\"><strong>\u00d3rgano encargado de nuestra supervisi\u00f3n:<\/strong><\/p><p> <\/p><ul class=\"has-medium-font-size wp-block-list\"><li>El responsable de esta p\u00e1gina web ejerce una profesi\u00f3n regulada, para lo cual le facilitamos la siguiente informaci\u00f3n:<\/li><\/ul><p> <\/p><p class=\"has-medium-font-size\"><strong>Colegio profesional al que pertenece:<\/strong><\/p><p> <\/p><p class=\"has-medium-font-size\"><strong>T\u00edtulo acad\u00e9mico oficial o profesional:<\/strong><\/p><p> <\/p><p class=\"has-medium-font-size\"><strong>Estado de la Uni\u00f3n Europea en que se expidi\u00f3 dicho t\u00edtulo:<\/strong><\/p><p> <\/p><p class=\"has-medium-font-size\"><strong>Normas profesionales aplicables al ejercicio de la profesi\u00f3n:<\/strong><\/p><p> <\/p><p class=\"has-medium-font-size\">Estamos a su disposici\u00f3n, no dude en contactar con nosotros.<\/p><p> <\/p><ul class=\"has-medium-font-size wp-block-list\"><li><strong>\u00bfPara qu\u00e9 vamos a usar sus datos?<\/strong><\/li><\/ul><p> <\/p><p class=\"has-medium-font-size\">Con car\u00e1cter general, sus datos personales ser\u00e1n usados para poder relacionarnos con usted y poder prestarle nuestros servicios.<\/p><p> <\/p><p class=\"has-medium-font-size\">Asimismo, tambi\u00e9n pueden ser usados para otras actividades, como enviarle publicidad o promocionar nuestras actividades.\u00a0<\/p><p> <\/p><ul class=\"has-medium-font-size wp-block-list\"><li><strong>\u00bfPor qu\u00e9 necesitamos usar sus datos?<\/strong><\/li><\/ul><p> <\/p><p class=\"has-medium-font-size\">Sus datos personales son necesarios para poder relacionarnos con usted y poder prestarle nuestros servicios. En este sentido, pondremos a su disposici\u00f3n una serie de casillas que le permitir\u00e1n decidir de manera clara y sencilla sobre el uso de su informaci\u00f3n personal.\u00a0<\/p><p> <\/p><ul class=\"has-medium-font-size wp-block-list\"><li><strong>\u00bfQui\u00e9n va a conocer la informaci\u00f3n que le pedimos?<\/strong><\/li><\/ul><p> <\/p><p class=\"has-medium-font-size\">Con car\u00e1cter general, s\u00f3lo el personal de nuestra entidad que est\u00e9 debidamente autorizado podr\u00e1 tener conocimiento de la informaci\u00f3n que le pedimos.<\/p><p> <\/p><p class=\"has-medium-font-size\">De igual modo, podr\u00e1n tener conocimiento de su informaci\u00f3n personal aquellas entidades que necesiten tener acceso a la misma para que podamos prestarle nuestros servicios. As\u00ed por ejemplo, nuestro banco conocer\u00e1 sus datos si el pago de nuestros servicios se realiza mediante tarjeta o transferencia bancaria.<\/p><p> <\/p><p class=\"has-medium-font-size\">Asimismo, tendr\u00e1n conocimiento de su informaci\u00f3n aquellas entidades p\u00fablicas o privadas a las cuales estemos obligados a facilitar sus datos personales con motivo del cumplimiento de alguna ley. Poni\u00e9ndole un ejemplo, la Ley Tributaria obliga a facilitar a la Agencia Tributaria determinada informaci\u00f3n sobre operaciones econ\u00f3micas que superen una determinada cantidad.<\/p><p> <\/p><p class=\"has-medium-font-size\">En el caso de que, al margen de los supuestos comentados, necesitemos dar a conocer\u00a0 su informaci\u00f3n personal a otras entidades, le solicitaremos previamente su permiso a trav\u00e9s de opciones claras que le permitir\u00e1n decidir a este respecto.<\/p><p> <\/p><ul class=\"has-medium-font-size wp-block-list\"><li><strong>\u00bfC\u00f3mo vamos a proteger sus datos?<\/strong><\/li><\/ul><p> <\/p><p class=\"has-medium-font-size\">Protegeremos sus datos con medidas de seguridad eficaces en funci\u00f3n de los riesgos que conlleve el uso de su informaci\u00f3n.<\/p><p> <\/p><p class=\"has-medium-font-size\">Para ello, nuestra entidad ha aprobado una Pol\u00edtica de Protecci\u00f3n de Datos y se realizan controles y auditor\u00edas anuales para verificar que sus datos personales est\u00e1n seguros en todo momento.<\/p><p> <\/p><ul class=\"has-medium-font-size wp-block-list\"><li><strong>\u00bfEnviaremos sus datos a otros pa\u00edses?<\/strong><\/li><\/ul><p> <\/p><p class=\"has-medium-font-size\">En el mundo hay pa\u00edses que son seguros para sus datos y otros que no lo son tanto. As\u00ed por ejemplo, la Uni\u00f3n Europea es un entorno seguro para sus datos. Nuestra pol\u00edtica es no enviar su informaci\u00f3n personal a ning\u00fan pa\u00eds que no sea seguro desde el punto de vista de la protecci\u00f3n de sus datos.<\/p><p> <\/p><p class=\"has-medium-font-size\">En el caso de que, con motivo de prestarle el servicio, sea imprescindible enviar sus datos a un pa\u00eds que no sea tan seguro como Espa\u00f1a, siempre le solicitaremos previamente su permiso y aplicaremos medidas de seguridad eficaces que reduzcan los riesgos del env\u00edo de su informaci\u00f3n personal a otro pa\u00eds.<\/p><p> <\/p><ul class=\"has-medium-font-size wp-block-list\"><li><strong>\u00bfDurante cu\u00e1nto tiempo vamos a conservar sus datos?<\/strong><\/li><\/ul><p> <\/p><p class=\"has-medium-font-size\">Conservaremos sus datos durante nuestra relaci\u00f3n y mientras nos obliguen las leyes. Una vez finalizados los plazos legales aplicables, procederemos a eliminarlos de forma segura y respetuosa con el medio ambiente.<\/p><p> <\/p><ul class=\"has-medium-font-size wp-block-list\"><li><strong>\u00bfCu\u00e1les son sus derechos de protecci\u00f3n de datos?<\/strong><\/li><\/ul><p> <\/p><p class=\"has-medium-font-size\">En cualquier momento puede dirigirse a nosotros para saber qu\u00e9 informaci\u00f3n tenemos sobre usted, rectificarla si fuese incorrecta y eliminarla una vez finalizada nuestra relaci\u00f3n, en el caso de que ello sea legalmente posible.<\/p><p> <\/p><p class=\"has-medium-font-size\">Tambi\u00e9n tiene derecho a solicitar el traspaso de su informaci\u00f3n a otra entidad. Este derecho se llama \u201cportabilidad\u201d y puede ser \u00fatil en determinadas situaciones.<\/p><p> <\/p><p class=\"has-medium-font-size\">Para solicitar alguno de estos derechos, deber\u00e1 realizar una solicitud escrita a nuestra direcci\u00f3n, junto con una fotocopia de su DNI, para poder identificarle.<\/p><p> <\/p><p class=\"has-medium-font-size\">En las oficinas de nuestra entidad disponemos de formularios espec\u00edficos para solicitar dichos derechos y le ofrecemos nuestra ayuda para su cumplimentaci\u00f3n.<\/p><p> <\/p><p class=\"has-medium-font-size\">Para saber m\u00e1s sobre sus derechos de protecci\u00f3n de datos, puede consultar la \u00a0p\u00e1gina web de la Agencia Espa\u00f1ola de Protecci\u00f3n de Datos (<a href=\"http:\/\/www.agpd.es\">www.agpd.es<\/a>).<\/p><p> <\/p><ul class=\"has-medium-font-size wp-block-list\"><li><strong>\u00bfPuede retirar su consentimiento si cambia de opini\u00f3n en un momento posterior?<\/strong><\/li><\/ul><p> <\/p><p class=\"has-medium-font-size\">Usted puede retirar su consentimiento si cambia de opini\u00f3n sobre el uso de sus datos en cualquier momento.<\/p><p> <\/p><p class=\"has-medium-font-size\">As\u00ed por ejemplo, si usted en su d\u00eda estuvo interesado\/a en recibir publicidad de nuestros productos o servicios, pero ya no desea recibir m\u00e1s publicidad, puede hac\u00e9rnoslo constar a trav\u00e9s del formulario de oposici\u00f3n al tratamiento disponible en las oficinas de nuestra entidad.<\/p><p> <\/p><ul class=\"has-medium-font-size wp-block-list\"><li><strong>En caso de que entienda que sus derechos han sido desatendidos, \u00bfd\u00f3nde puede formular una reclamaci\u00f3n?<\/strong><\/li><\/ul><p> <\/p><p class=\"has-medium-font-size\">En caso de que entienda que sus derechos han sido desatendidos por nuestra entidad, puede formular una reclamaci\u00f3n en la Agencia Espa\u00f1ola de Protecci\u00f3n de Datos, a trav\u00e9s de alguno de los medios siguientes:<\/p><p> <\/p><ul class=\"has-medium-font-size wp-block-list\"><li>Sede electr\u00f3nica: www.agpd.es<\/li> <li>Direcci\u00f3n postal:<\/li><\/ul><p> <\/p><p class=\"has-medium-font-size\">Agencia Espa\u00f1ola de Protecci\u00f3n de Datos<br \/>C\/ Jorge Juan, 6<br \/>28001-Madrid<\/p><p> <\/p><ul class=\"has-medium-font-size wp-block-list\"><li>V\u00eda telef\u00f3nica:<\/li><\/ul><p> <\/p><p class=\"has-medium-font-size\">Telf. 901 100 099<\/p><p> <\/p><p class=\"has-medium-font-size\">Telf. 91 266 35 17<\/p><p> <\/p><p class=\"has-medium-font-size\">Formular una reclamaci\u00f3n en la Agencia Espa\u00f1ola de Protecci\u00f3n de Datos no conlleva ning\u00fan coste y no es necesaria la asistencia de abogado ni procurador.<\/p><p> <\/p><ul class=\"has-medium-font-size wp-block-list\"><li><strong>\u00bfElaboraremos perfiles sobre usted?<\/strong><\/li><\/ul><p> <\/p><p class=\"has-medium-font-size\">Nuestra pol\u00edtica es no elaborar perfiles sobre los usuarios de nuestros servicios.<\/p><p> <\/p><p class=\"has-medium-font-size\">No obstante, pueden existir situaciones en las que, con fines de prestaci\u00f3n del servicio, comerciales o de otro tipo, necesitemos elaborar perfiles de informaci\u00f3n sobre usted. Un ejemplo pudiera ser la utilizaci\u00f3n de su historial de compras o servicios para poder ofrecerle productos o servicios adaptados a sus gustos o necesidades.<\/p><p> <\/p><p class=\"has-medium-font-size\">En tal caso, aplicaremos medidas de seguridad eficaces que protejan su informaci\u00f3n en todo momento de personas no autorizadas que pretendan utilizarla en su propio beneficio.<\/p><p> <\/p><ul class=\"has-medium-font-size wp-block-list\"><li><strong>\u00bfUsaremos sus datos para otros fines?<\/strong><\/li><\/ul><p> <\/p><p class=\"has-medium-font-size\">Nuestra pol\u00edtica es no usar sus datos para otras finalidades distintas a las que le hemos explicado. Si, no obstante, necesit\u00e1semos usar sus datos para actividades distintas, siempre le solicitaremos previamente su permiso a trav\u00e9s de opciones claras que le permitir\u00e1n decidir al respecto.<\/p><p><\/p>\t\t\t\t\t\t\t\t<\/div>\n\t\t\t\t<\/div>\n\t\t\t\t\t<\/div>\n\t\t<\/div>\n\t\t\t\t\t<\/div>\n\t\t<\/section>\n\t\t\t\t<\/div>\n\t\t","protected":false},"excerpt":{"rendered":"<p>Pol\u00edtica de Privacidad \u201cSUS DATOS SEGUROS\u201d Informaci\u00f3n en cumplimiento de la normativa de protecci\u00f3n de datos personales En Europa y en Espa\u00f1a existen normas de protecci\u00f3n de datos pensadas para proteger su informaci\u00f3n personal de obligado cumplimiento para nuestra entidad. Por ello, es muy importante para nosotros que entienda perfectamente qu\u00e9 vamos a hacer con &hellip;<\/p>\n<p class=\"read-more\"> <a class=\"\" href=\"https:\/\/dentalsonsardina.com\/ru\/politicas-de-privacidad\/\"> <span class=\"screen-reader-text\">Pol\u00edticas de Privacidad<\/span> Leer m\u00e1s &raquo;<\/a><\/p>\n","protected":false},"author":1,"featured_media":0,"parent":0,"menu_order":0,"comment_status":"closed","ping_status":"closed","template":"","meta":{"site-sidebar-layout":"no-sidebar","site-content-layout":"","ast-site-content-layout":"full-width-container","site-content-style":"default","site-sidebar-style":"default","ast-global-header-display":"","ast-banner-title-visibility":"","ast-main-header-display":"","ast-hfb-above-header-display":"","ast-hfb-below-header-display":"","ast-hfb-mobile-header-display":"","site-post-title":"disabled","ast-breadcrumbs-content":"","ast-featured-img":"disabled","footer-sml-layout":"","theme-transparent-header-meta":"","adv-header-id-meta":"","stick-header-meta":"","header-above-stick-meta":"","header-main-stick-meta":"","header-below-stick-meta":"","astra-migrate-meta-layouts":"","_joinchat":[],"footnotes":""},"class_list":["post-60","page","type-page","status-publish","hentry"],"yoast_head":"<!-- This site is optimized with the Yoast SEO plugin v26.8 - https:\/\/yoast.com\/product\/yoast-seo-wordpress\/ -->\n<title>Pol\u00edticas de Privacidad - Dental Clinic Son Sardina | Dentistas en Palma de Mallorca<\/title>\n<meta name=\"robots\" content=\"index, follow, max-snippet:-1, max-image-preview:large, max-video-preview:-1\" \/>\n<link rel=\"canonical\" href=\"https:\/\/dentalsonsardina.com\/ru\/politicas-de-privacidad\/\" \/>\n<meta property=\"og:locale\" content=\"es_ES\" \/>\n<meta property=\"og:type\" content=\"article\" \/>\n<meta property=\"og:title\" content=\"Pol\u00edticas de Privacidad - Dental Clinic Son Sardina | Dentistas en Palma de Mallorca\" \/>\n<meta property=\"og:description\" content=\"Pol\u00edtica de Privacidad \u201cSUS DATOS SEGUROS\u201d Informaci\u00f3n en cumplimiento de la normativa de protecci\u00f3n de datos personales En Europa y en Espa\u00f1a existen normas de protecci\u00f3n de datos pensadas para proteger su informaci\u00f3n personal de obligado cumplimiento para nuestra entidad. Por ello, es muy importante para nosotros que entienda perfectamente qu\u00e9 vamos a hacer con &hellip; Pol\u00edticas de Privacidad Leer m\u00e1s &raquo;\" \/>\n<meta property=\"og:url\" content=\"https:\/\/dentalsonsardina.com\/ru\/politicas-de-privacidad\/\" \/>\n<meta property=\"og:site_name\" content=\"Dental Clinic Son Sardina | Dentistas en Palma de Mallorca\" \/>\n<meta property=\"article:modified_time\" content=\"2023-09-01T09:51:04+00:00\" \/>\n<meta property=\"og:image\" content=\"https:\/\/dentalsonsardina.com\/ru\/wp-content\/uploads\/2023\/09\/Dentistas-en-Palma-de-Mallorca-1920.jpg\" \/>\n\t<meta property=\"og:image:width\" content=\"1920\" \/>\n\t<meta property=\"og:image:height\" content=\"1080\" \/>\n\t<meta property=\"og:image:type\" content=\"image\/jpeg\" \/>\n<meta name=\"twitter:card\" content=\"summary_large_image\" \/>\n<meta name=\"twitter:label1\" content=\"Tiempo de lectura\" \/>\n\t<meta name=\"twitter:data1\" content=\"6 minutos\" \/>\n<script type=\"application\/ld+json\" class=\"yoast-schema-graph\">{\"@context\":\"https:\/\/schema.org\",\"@graph\":[{\"@type\":\"WebPage\",\"@id\":\"https:\/\/dentalsonsardina.com\/ru\/politicas-de-privacidad\/\",\"url\":\"https:\/\/dentalsonsardina.com\/ru\/politicas-de-privacidad\/\",\"name\":\"Pol\u00edticas de Privacidad - Dental Clinic Son Sardina | Dentistas en Palma de Mallorca\",\"isPartOf\":{\"@id\":\"https:\/\/dentalsonsardina.com\/ru\/#website\"},\"datePublished\":\"2023-09-01T09:47:09+00:00\",\"dateModified\":\"2023-09-01T09:51:04+00:00\",\"breadcrumb\":{\"@id\":\"https:\/\/dentalsonsardina.com\/ru\/politicas-de-privacidad\/#breadcrumb\"},\"inLanguage\":\"es\",\"potentialAction\":[{\"@type\":\"ReadAction\",\"target\":[\"https:\/\/dentalsonsardina.com\/ru\/politicas-de-privacidad\/\"]}]},{\"@type\":\"BreadcrumbList\",\"@id\":\"https:\/\/dentalsonsardina.com\/ru\/politicas-de-privacidad\/#breadcrumb\",\"itemListElement\":[{\"@type\":\"ListItem\",\"position\":1,\"name\":\"Portada\",\"item\":\"https:\/\/dentalsonsardina.com\/ru\/\"},{\"@type\":\"ListItem\",\"position\":2,\"name\":\"Pol\u00edticas de Privacidad\"}]},{\"@type\":\"WebSite\",\"@id\":\"https:\/\/dentalsonsardina.com\/ru\/#website\",\"url\":\"https:\/\/dentalsonsardina.com\/ru\/\",\"name\":\"Dental Clinic Son Sardina | Dentistas en Palma de Mallorca\",\"description\":\"En Cl\u00ednica Dental Son Sardina, Somos Dentistas de Palma de Mallorca que Ofrecen Todos los Servicios Dentales, y nos Especializamos en Periodoncia, Est\u00e9tica Dental y Urgencias Dentales.\",\"publisher\":{\"@id\":\"https:\/\/dentalsonsardina.com\/ru\/#organization\"},\"potentialAction\":[{\"@type\":\"SearchAction\",\"target\":{\"@type\":\"EntryPoint\",\"urlTemplate\":\"https:\/\/dentalsonsardina.com\/ru\/?s={search_term_string}\"},\"query-input\":{\"@type\":\"PropertyValueSpecification\",\"valueRequired\":true,\"valueName\":\"search_term_string\"}}],\"inLanguage\":\"es\"},{\"@type\":\"Organization\",\"@id\":\"https:\/\/dentalsonsardina.com\/ru\/#organization\",\"name\":\"Cl\u00ednica Dental Son Sardina\",\"alternateName\":\"Cl\u00ednica Dental en Palma\",\"url\":\"https:\/\/dentalsonsardina.com\/ru\/\",\"logo\":{\"@type\":\"ImageObject\",\"inLanguage\":\"es\",\"@id\":\"https:\/\/dentalsonsardina.com\/ru\/#\/schema\/logo\/image\/\",\"url\":\"https:\/\/dentalsonsardina.com\/ru\/wp-content\/uploads\/2023\/08\/cropped-logo-3.png\",\"contentUrl\":\"https:\/\/dentalsonsardina.com\/ru\/wp-content\/uploads\/2023\/08\/cropped-logo-3.png\",\"width\":201,\"height\":67,\"caption\":\"Cl\u00ednica Dental Son Sardina\"},\"image\":{\"@id\":\"https:\/\/dentalsonsardina.com\/ru\/#\/schema\/logo\/image\/\"}}]}<\/script>\n<!-- \/ Yoast SEO plugin. -->","yoast_head_json":{"title":"Pol\u00edticas de Privacidad - Dental Clinic Son Sardina | Dentistas en Palma de Mallorca","robots":{"index":"index","follow":"follow","max-snippet":"max-snippet:-1","max-image-preview":"max-image-preview:large","max-video-preview":"max-video-preview:-1"},"canonical":"https:\/\/dentalsonsardina.com\/ru\/politicas-de-privacidad\/","og_locale":"es_ES","og_type":"article","og_title":"Pol\u00edticas de Privacidad - Dental Clinic Son Sardina | Dentistas en Palma de Mallorca","og_description":"Pol\u00edtica de Privacidad \u201cSUS DATOS SEGUROS\u201d Informaci\u00f3n en cumplimiento de la normativa de protecci\u00f3n de datos personales En Europa y en Espa\u00f1a existen normas de protecci\u00f3n de datos pensadas para proteger su informaci\u00f3n personal de obligado cumplimiento para nuestra entidad. Por ello, es muy importante para nosotros que entienda perfectamente qu\u00e9 vamos a hacer con &hellip; Pol\u00edticas de Privacidad Leer m\u00e1s &raquo;","og_url":"https:\/\/dentalsonsardina.com\/ru\/politicas-de-privacidad\/","og_site_name":"Dental Clinic Son Sardina | Dentistas en Palma de Mallorca","article_modified_time":"2023-09-01T09:51:04+00:00","og_image":[{"width":1920,"height":1080,"url":"https:\/\/dentalsonsardina.com\/ru\/wp-content\/uploads\/2023\/09\/Dentistas-en-Palma-de-Mallorca-1920.jpg","type":"image\/jpeg"}],"twitter_card":"summary_large_image","twitter_misc":{"Tiempo de lectura":"6 minutos"},"schema":{"@context":"https:\/\/schema.org","@graph":[{"@type":"WebPage","@id":"https:\/\/dentalsonsardina.com\/ru\/politicas-de-privacidad\/","url":"https:\/\/dentalsonsardina.com\/ru\/politicas-de-privacidad\/","name":"Pol\u00edticas de Privacidad - Dental Clinic Son Sardina | Dentistas en Palma de Mallorca","isPartOf":{"@id":"https:\/\/dentalsonsardina.com\/ru\/#website"},"datePublished":"2023-09-01T09:47:09+00:00","dateModified":"2023-09-01T09:51:04+00:00","breadcrumb":{"@id":"https:\/\/dentalsonsardina.com\/ru\/politicas-de-privacidad\/#breadcrumb"},"inLanguage":"es","potentialAction":[{"@type":"ReadAction","target":["https:\/\/dentalsonsardina.com\/ru\/politicas-de-privacidad\/"]}]},{"@type":"BreadcrumbList","@id":"https:\/\/dentalsonsardina.com\/ru\/politicas-de-privacidad\/#breadcrumb","itemListElement":[{"@type":"ListItem","position":1,"name":"Portada","item":"https:\/\/dentalsonsardina.com\/ru\/"},{"@type":"ListItem","position":2,"name":"Pol\u00edticas de Privacidad"}]},{"@type":"WebSite","@id":"https:\/\/dentalsonsardina.com\/ru\/#website","url":"https:\/\/dentalsonsardina.com\/ru\/","name":"Dental Clinic Son Sardina | Dentistas en Palma de Mallorca","description":"En Cl\u00ednica Dental Son Sardina, Somos Dentistas de Palma de Mallorca que Ofrecen Todos los Servicios Dentales, y nos Especializamos en Periodoncia, Est\u00e9tica Dental y Urgencias Dentales.","publisher":{"@id":"https:\/\/dentalsonsardina.com\/ru\/#organization"},"potentialAction":[{"@type":"SearchAction","target":{"@type":"EntryPoint","urlTemplate":"https:\/\/dentalsonsardina.com\/ru\/?s={search_term_string}"},"query-input":{"@type":"PropertyValueSpecification","valueRequired":true,"valueName":"search_term_string"}}],"inLanguage":"es"},{"@type":"Organization","@id":"https:\/\/dentalsonsardina.com\/ru\/#organization","name":"Cl\u00ednica Dental Son Sardina","alternateName":"Cl\u00ednica Dental en Palma","url":"https:\/\/dentalsonsardina.com\/ru\/","logo":{"@type":"ImageObject","inLanguage":"es","@id":"https:\/\/dentalsonsardina.com\/ru\/#\/schema\/logo\/image\/","url":"https:\/\/dentalsonsardina.com\/ru\/wp-content\/uploads\/2023\/08\/cropped-logo-3.png","contentUrl":"https:\/\/dentalsonsardina.com\/ru\/wp-content\/uploads\/2023\/08\/cropped-logo-3.png","width":201,"height":67,"caption":"Cl\u00ednica Dental Son Sardina"},"image":{"@id":"https:\/\/dentalsonsardina.com\/ru\/#\/schema\/logo\/image\/"}}]}},"_links":{"self":[{"href":"https:\/\/dentalsonsardina.com\/ru\/wp-json\/wp\/v2\/pages\/60","targetHints":{"allow":["GET"]}}],"collection":[{"href":"https:\/\/dentalsonsardina.com\/ru\/wp-json\/wp\/v2\/pages"}],"about":[{"href":"https:\/\/dentalsonsardina.com\/ru\/wp-json\/wp\/v2\/types\/page"}],"author":[{"embeddable":true,"href":"https:\/\/dentalsonsardina.com\/ru\/wp-json\/wp\/v2\/users\/1"}],"replies":[{"embeddable":true,"href":"https:\/\/dentalsonsardina.com\/ru\/wp-json\/wp\/v2\/comments?post=60"}],"version-history":[{"count":0,"href":"https:\/\/dentalsonsardina.com\/ru\/wp-json\/wp\/v2\/pages\/60\/revisions"}],"wp:attachment":[{"href":"https:\/\/dentalsonsardina.com\/ru\/wp-json\/wp\/v2\/media?parent=60"}],"curies":[{"name":"wp","href":"https:\/\/api.w.org\/{rel}","templated":true}]}}