{"id":65,"date":"2023-09-01T11:53:17","date_gmt":"2023-09-01T09:53:17","guid":{"rendered":"https:\/\/delorean360.com\/dentalsonsardina\/?page_id=65"},"modified":"2026-04-05T14:43:32","modified_gmt":"2026-04-05T12:43:32","slug":"cookie-richtlinie","status":"publish","type":"page","link":"https:\/\/dentalsonsardina.com\/de\/cookie-richtlinie\/","title":{"rendered":"Cookie-Richtlinie"},"content":{"rendered":"\n<div style=\"height:100px\" aria-hidden=\"true\" class=\"wp-block-spacer\"><\/div>\n\n\n\n<h1 class=\"wp-block-heading has-text-align-center\">Cookie-Richtlinie<\/h1>\n\n\n\n<div style=\"height:50px\" aria-hidden=\"true\" class=\"wp-block-spacer\"><\/div>\n\n\n\n<p>Willkommen zur <strong>COOKIE-RICHTLINIE<\/strong> der Website der Organisation <strong>SVETLANA FOTINA<\/strong>, mit NIF <strong>49770169D<\/strong>. Hier erkl\u00e4ren wir Ihnen in klarer und einfacher Sprache alles, was Sie wissen m\u00fcssen, damit Sie entsprechend Ihren pers\u00f6nlichen Entscheidungen die Kontrolle \u00fcber Cookies behalten.<\/p>\n\n\n\n<hr class=\"wp-block-separator has-alpha-channel-opacity\"\/>\n\n\n\n<h2 class=\"wp-block-heading\">Was sind Cookies und wof\u00fcr verwenden wir sie?<\/h2>\n\n\n\n<p>Ein Cookie (auch \u201eBrowser-Cookie\u201c) ist eine kleine Informationsdatei, die jedes Mal auf Ihrem Computer, Smartphone oder Tablet gespeichert wird, wenn Sie unsere Website besuchen.<\/p>\n\n\n\n<p>Grunds\u00e4tzlich ist ein Cookie harmlos: Es enth\u00e4lt keine Viren, Trojaner, W\u00fcrmer usw., die Ihr Ger\u00e4t besch\u00e4digen k\u00f6nnten. Dennoch kann es Auswirkungen auf Ihr Recht auf den Schutz Ihrer personenbezogenen Daten haben, da bestimmte Informationen \u00fcber Sie erfasst werden k\u00f6nnen (Surfgewohnheiten, Identit\u00e4t, Pr\u00e4ferenzen usw.).<\/p>\n\n\n\n<p>Daher erfordert die Aktivierung bestimmter Cookie-Arten gem\u00e4\u00df der anwendbaren Gesetzgebung (LSSI und geltende Datenschutzvorschriften) Ihre vorherige Zustimmung.<\/p>\n\n\n\n<p>Vorab einige zus\u00e4tzliche Informationen, die Ihnen bei Ihrer Entscheidung helfen:<\/p>\n\n\n\n<ul class=\"wp-block-list\">\n<li>Cookies k\u00f6nnen je nach Zweck unterschiedliche Arten haben.<\/li>\n\n\n\n<li><strong>Technische Cookies<\/strong> sind notwendig, damit unsere Website funktioniert. Sie ben\u00f6tigen keine Zustimmung und sind die einzigen Cookies, die standardm\u00e4\u00dfig aktiviert sind.<\/li>\n\n\n\n<li>Alle anderen Cookies dienen dazu, unsere Website zu verbessern, sie an Ihre Pr\u00e4ferenzen anzupassen oder Ihnen Werbung anzuzeigen, die Ihren Interessen entspricht. Sie k\u00f6nnen alle diese Cookies \u00fcber die Schaltfl\u00e4che <strong>AKZEPTIEREN<\/strong> annehmen oder \u00fcber <strong>COOKIE-EINSTELLUNGEN<\/strong> konfigurieren bzw. ablehnen.<\/li>\n\n\n\n<li>Einige Cookies sind <strong>eigene Cookies<\/strong> (Cookies, die wir setzen), andere stammen von <strong>Drittanbietern<\/strong> (z. B. Google). Es ist wichtig zu wissen, dass einige dieser Drittanbieter au\u00dferhalb Spaniens ans\u00e4ssig sein k\u00f6nnen.<\/li>\n\n\n\n<li>Weltweit haben nicht alle L\u00e4nder dasselbe Datenschutzniveau. Die Europ\u00e4ische Union gilt als sicherer Raum. Unsere Politik ist, zuverl\u00e4ssige Anbieter zu nutzen, die \u2013 unabh\u00e4ngig davon, ob sie innerhalb oder au\u00dferhalb der EU ans\u00e4ssig sind \u2013 geeignete Garantien zum Schutz Ihrer personenbezogenen Daten umgesetzt haben. Im Abschnitt <strong>\u201eWelche Cookies werden derzeit auf unserer Website verwendet?\u201c<\/strong> k\u00f6nnen Sie die Datenschutzrichtlinien der jeweiligen Drittanbieter einsehen, um bewusst zu entscheiden, ob Sie Drittanbieter-Cookies aktivieren m\u00f6chten.<\/li>\n<\/ul>\n\n\n\n<p>Je nach Speicherdauer unterscheidet man au\u00dferdem:<\/p>\n\n\n\n<ul class=\"wp-block-list\">\n<li><strong>Sitzungs-Cookies:<\/strong> Sie verfallen automatisch, wenn Sie die Sitzung auf Ihrem Ger\u00e4t beenden. Sie werden oft verwendet, um Informationen zu speichern, die f\u00fcr eine einmalige Leistungserbringung erforderlich sind.<\/li>\n\n\n\n<li><strong>Persistente Cookies:<\/strong> Sie bleiben f\u00fcr einen bestimmten Zeitraum auf Ihrem Ger\u00e4t gespeichert \u2013 von wenigen Minuten bis zu mehreren Jahren.<\/li>\n<\/ul>\n\n\n\n<hr class=\"wp-block-separator has-alpha-channel-opacity\"\/>\n\n\n\n<h2 class=\"wp-block-heading\">Welche Arten von Cookies k\u00f6nnen wir auf unserer Website verwenden?<\/h2>\n\n\n\n<h3 class=\"wp-block-heading\">Technische Cookies<\/h3>\n\n\n\n<p>Technische Cookies sind unbedingt erforderlich, damit unsere Website funktioniert und Sie auf ihr navigieren k\u00f6nnen. Sie erm\u00f6glichen uns beispielsweise, Sie zu erkennen, Ihnen ggf. Zugang zu gesch\u00fctzten Bereichen zu geben oder Ihre bereits ausgew\u00e4hlten Optionen zu speichern (z. B. Datenschutzeinstellungen).<br>Diese Cookies sind standardm\u00e4\u00dfig aktiviert und ben\u00f6tigen keine Zustimmung.<\/p>\n\n\n\n<p>\u00dcber Ihre Browser-Einstellungen k\u00f6nnen Sie diese Cookies blockieren oder sich \u00fcber deren Verwendung informieren lassen. Das Blockieren kann jedoch die korrekte Funktionalit\u00e4t der Website beeintr\u00e4chtigen.<\/p>\n\n\n\n<h3 class=\"wp-block-heading\">Analyse-Cookies<\/h3>\n\n\n\n<p>Analyse-Cookies erm\u00f6glichen es uns, die Navigation der Nutzer auf unserer Website allgemein zu analysieren (z. B. welche Bereiche am h\u00e4ufigsten besucht werden, welche Funktionen am meisten genutzt werden und ob alles korrekt funktioniert).<\/p>\n\n\n\n<p>Mit den statistischen Informationen k\u00f6nnen wir die Website und ihre Leistungen verbessern. Diese Cookies dienen nicht Werbezwecken, sondern ausschlie\u00dflich der Optimierung der Website. Durch Aktivierung unterst\u00fctzen Sie diese kontinuierliche Verbesserung.<\/p>\n\n\n\n<p>Sie k\u00f6nnen diese Cookies \u00fcber die entsprechende Option aktivieren oder deaktivieren. Sie sind standardm\u00e4\u00dfig deaktiviert.<\/p>\n\n\n\n<h3 class=\"wp-block-heading\">Funktions- und Personalisierungs-Cookies<\/h3>\n\n\n\n<p>Diese Cookies helfen uns, Ihre Pr\u00e4ferenzen zu speichern, um bestimmte allgemeine Funktionen und Optionen bei jedem Besuch zu personalisieren (z. B. Sprache, Favoriten, Browsertyp usw.).<\/p>\n\n\n\n<p>Sie dienen nicht Werbezwecken. Durch Aktivierung verbessern Sie die Funktionalit\u00e4t und Personalisierung, was die Benutzerfreundlichkeit und den Komfort w\u00e4hrend der Navigation erh\u00f6ht.<\/p>\n\n\n\n<p>Sie k\u00f6nnen diese Cookies \u00fcber die entsprechende Option aktivieren oder deaktivieren. Sie sind standardm\u00e4\u00dfig deaktiviert.<\/p>\n\n\n\n<h3 class=\"wp-block-heading\">Werbe-Cookies<\/h3>\n\n\n\n<p>Werbe-Cookies erm\u00f6glichen die Verwaltung von Werbefl\u00e4chen auf der Website, basierend auf Kriterien wie angezeigtem Inhalt oder H\u00e4ufigkeit der Anzeigen.<\/p>\n\n\n\n<p>Wenn Ihnen z. B. eine Anzeige mehrfach gezeigt wurde und Sie kein Interesse durch Anklicken gezeigt haben, kann sie ggf. nicht erneut angezeigt werden. Kurz gesagt: Durch Aktivierung wird die Werbung n\u00fctzlicher, vielf\u00e4ltiger und weniger repetitiv.<\/p>\n\n\n\n<p>Sie k\u00f6nnen diese Cookies \u00fcber die entsprechende Option aktivieren oder deaktivieren. Sie sind standardm\u00e4\u00dfig deaktiviert.<\/p>\n\n\n\n<h3 class=\"wp-block-heading\">Cookies f\u00fcr verhaltensbasierte Werbung<\/h3>\n\n\n\n<p>Diese Cookies erlauben uns, Informationen durch Beobachtung Ihrer Surfgewohnheiten und Ihres Verhaltens zu sammeln, um Ihnen Werbung zu zeigen, die besser zu Ihren Interessen passt.<\/p>\n\n\n\n<p>Ein einfaches Beispiel: Wenn Ihre letzten Suchanfragen mit Kriminalliteratur zu tun h\u00e4tten, w\u00fcrden Ihnen Anzeigen f\u00fcr Krimis gezeigt.<\/p>\n\n\n\n<p>Durch Aktivierung ist die Werbung nicht allgemein, sondern an Ihre Interessen angepasst.<\/p>\n\n\n\n<p>Sie k\u00f6nnen diese Cookies \u00fcber die entsprechende Option aktivieren oder deaktivieren. Sie sind standardm\u00e4\u00dfig deaktiviert.<\/p>\n\n\n\n<hr class=\"wp-block-separator has-alpha-channel-opacity\"\/>\n\n\n\n<h2 class=\"wp-block-heading\">Welche Cookies werden derzeit auf unserer Website verwendet?<\/h2>\n\n\n\n<p>Nachfolgend informieren wir Sie \u00fcber die Cookie-Arten, die derzeit auf unserer Website verwendet werden, sowie deren Zweck.<\/p>\n\n\n\n<blockquote class=\"wp-block-quote is-layout-flow wp-block-quote-is-layout-flow\">\n<p><strong>Hinweis (ES para ti):<\/strong> en WordPress te recomiendo pegar esta secci\u00f3n como una <strong>tabla<\/strong> con el bloque \u201cTabla\u201d. Los nombres de cookies se dejan igual (no se traducen).<\/p>\n<\/blockquote>\n\n\n\n<figure class=\"wp-block-table\"><table class=\"has-fixed-layout\"><thead><tr><th>Typ<\/th><th>Name<\/th><th>Dauer<\/th><th>Zweck<\/th><\/tr><\/thead><tbody><tr><td>Eigene<\/td><td>tve_leads_unique<\/td><td>Sitzung (endet beim Schlie\u00dfen)<\/td><td>Speichert Informationen \u00fcber Nutzer und Sitzungen zur Verbesserung der Nutzererfahrung.<\/td><\/tr><tr><td>Drittanbieter<\/td><td>_ga<\/td><td>2 Jahre (ab Konfiguration)<\/td><td>Dient zur Unterscheidung von Nutzern (Google Analytics). Mehr Informationen.<\/td><\/tr><tr><td>Drittanbieter<\/td><td>_gat<\/td><td>10 Minuten<\/td><td>Dient zur Messung der Anforderungsrate (Google Analytics). Mehr Informationen.<\/td><\/tr><tr><td>Drittanbieter<\/td><td>__utma<\/td><td>2 Jahre ab jeder Aktualisierung<\/td><td>Bestimmt eindeutige Besucher; wird bei jedem Seitenaufruf aktualisiert (Google Analytics). Mehr Informationen.<\/td><\/tr><tr><td>Drittanbieter<\/td><td>__utmb<\/td><td>2 Jahre ab jeder Aktualisierung<\/td><td>Legt eine Sitzung fest und setzt sie fort; aktualisiert sich und l\u00e4uft nach 30 Minuten Inaktivit\u00e4t ab (Google Analytics). Mehr Informationen.<\/td><\/tr><tr><td>Drittanbieter<\/td><td>APISID, HSID, NID, SAPISID, SID, SSID<\/td><td>2 Jahre ab Installation<\/td><td>Speichert Nutzerpr\u00e4ferenzen und weitere Informationen zu Google-Diensten. Mehr Informationen.<\/td><\/tr><tr><td>Drittanbieter<\/td><td>__utmt<\/td><td>Sitzung<\/td><td>Historisch zur Bestimmung neuer Sitzungen; heute meist nicht genutzt, bleibt zur Kompatibilit\u00e4t. Mehr Informationen.<\/td><\/tr><tr><td>Drittanbieter<\/td><td>__utmz<\/td><td>6 Monate ab jeder Aktualisierung<\/td><td>Speichert Informationen dar\u00fcber, wie ein Besucher auf die Website gelangt ist (Kampagnen\/Referrer). Mehr Informationen.<\/td><\/tr><tr><td>Eigene<\/td><td>__cfduid<\/td><td>5 Jahre<\/td><td>Zur Umgehung sicherheitsbezogener IP-Beschr\u00e4nkungen (Cloudflare). Mehr Informationen.<\/td><\/tr><tr><td>Drittanbieter<\/td><td>__smToken<\/td><td>Sitzung<\/td><td>Unterscheidet Nutzer, denen eine Funktion von Sumome angezeigt wurde. Mehr Informationen.<\/td><\/tr><tr><td>Eigene<\/td><td>__smVID<\/td><td>Sitzung<\/td><td>Speichert Informationen \u00fcber Nutzer und Sitzungen zur Verbesserung der Nutzererfahrung.<\/td><\/tr><tr><td>Drittanbieter<\/td><td>_remember_checked_on<\/td><td>Sitzung<\/td><td>Cookies mit Twitter-Funktionen.<\/td><\/tr><tr><td>Drittanbieter<\/td><td>__stripe_mid<\/td><td>Sitzung<\/td><td>Stripe-Cookie. Mehr Informationen.<\/td><\/tr><tr><td>Drittanbieter<\/td><td>pl<\/td><td>90 Tage<\/td><td>Facebook: registriert, dass ein Ger\u00e4t\/Browser \u00fcber Facebook eingeloggt war. Mehr Informationen.<\/td><\/tr><tr><td>Drittanbieter<\/td><td>fr<\/td><td>90 Tage<\/td><td>Facebook-Hauptwerbe-Cookie: Relevanz von Anzeigen. Mehr Informationen.<\/td><\/tr><tr><td>Drittanbieter<\/td><td>sb<\/td><td>2 Jahre ab Installation<\/td><td>Facebook: Browser-Identifikation f\u00fcr Authentifizierung. Mehr Informationen.<\/td><\/tr><tr><td>Drittanbieter<\/td><td>c_user<\/td><td>20 Tage ab Installation<\/td><td>Facebook: Authentifizierung zusammen mit xs. Mehr Informationen.<\/td><\/tr><tr><td>Drittanbieter<\/td><td>xs<\/td><td>90 Tage ab Installation<\/td><td>Facebook: Authentifizierung zusammen mit c_user. Mehr Informationen.<\/td><\/tr><tr><td>Drittanbieter<\/td><td>datr<\/td><td>2 Jahre ab Installation<\/td><td>Facebook: Sicherheit\/Integrit\u00e4t, Kontowiederherstellung, Risikokonten. Mehr Informationen.<\/td><\/tr><tr><td>Drittanbieter<\/td><td>driftt_aid<\/td><td>Sitzung<\/td><td>Chat-Cookie. Mehr Informationen.<\/td><\/tr><tr><td>Drittanbieter<\/td><td>__zlcmid<\/td><td>Sitzung<\/td><td>Zopim-Chat-Cookie.<\/td><\/tr><tr><td>Drittanbieter<\/td><td>ac_enable_tracking<\/td><td>Sitzung<\/td><td>ActiveCampaign: Tracking von Website-Besuchen.<\/td><\/tr><tr><td>Drittanbieter<\/td><td>CONSENT<\/td><td>\u2014<\/td><td>Cookie zur Wiedergabe von YouTube-Inhalten.<\/td><\/tr><\/tbody><\/table><\/figure>\n\n\n\n<hr class=\"wp-block-separator has-alpha-channel-opacity\"\/>\n\n\n\n<h2 class=\"wp-block-heading\">Was k\u00f6nnen Sie mit Cookies tun?<\/h2>\n\n\n\n<p>Wenn Sie unsere Website zum ersten Mal besuchen, wird ein Fenster angezeigt, in dem wir Sie dar\u00fcber informieren, dass es verschiedene Cookie-Arten gibt:<\/p>\n\n\n\n<ul class=\"wp-block-list\">\n<li>Technische Cookies sind notwendig, damit unsere Website funktioniert. Sie ben\u00f6tigen keine Zustimmung und sind standardm\u00e4\u00dfig aktiviert.<\/li>\n\n\n\n<li>Alle anderen Cookies dienen der Verbesserung, Personalisierung oder Werbung. Sie k\u00f6nnen alle Cookies \u00fcber <strong>AKZEPTIEREN<\/strong> annehmen oder \u00fcber <strong>COOKIE-EINSTELLUNGEN<\/strong> konfigurieren bzw. ablehnen.<\/li>\n<\/ul>\n\n\n\n<p>Au\u00dferdem informieren wir Sie, dass Sie \u2013 sobald Sie Cookies aktiviert haben \u2013 diese jederzeit wieder deaktivieren k\u00f6nnen, indem Sie die entsprechende Option in den <strong>COOKIE-EINSTELLUNGEN<\/strong> deaktivieren. Es ist genauso einfach, unsere eigenen Cookies zu deaktivieren wie zu aktivieren.<\/p>\n\n\n\n<p>Bitte beachten Sie auch: \u00dcber Ihre Browser-Einstellungen k\u00f6nnen Sie Cookies blockieren oder sich \u00fcber deren Verwendung informieren lassen. Das Blockieren kann jedoch die Funktionalit\u00e4t der Website beeintr\u00e4chtigen \u2013 insbesondere bei technisch notwendigen Cookies.<\/p>\n\n\n\n<p>Wenn Sie Drittanbieter-Cookies aktivieren und diese sp\u00e4ter deaktivieren m\u00f6chten, k\u00f6nnen Sie dies auf zwei Wegen tun: \u00fcber Ihre Browser-Einstellungen oder \u00fcber die jeweiligen Systeme der Drittanbieter.<\/p>\n\n\n\n<p>Zur Erleichterung finden Sie hier Hinweise zur Deaktivierung in g\u00e4ngigen Browsern:<\/p>\n\n\n\n<ul class=\"wp-block-list\">\n<li>Google Chrome<\/li>\n\n\n\n<li>Mozilla Firefox<\/li>\n\n\n\n<li>Internet Explorer<\/li>\n\n\n\n<li>Safari<\/li>\n\n\n\n<li>Safari f\u00fcr iOS (iPhone\/iPad)<\/li>\n\n\n\n<li>Google Chrome f\u00fcr Android<\/li>\n\n\n\n<li>Google Chrome f\u00fcr iPhone\/iPad<\/li>\n<\/ul>\n\n\n\n<p>Zus\u00e4tzlich k\u00f6nnen Sie die Deaktivierungsoptionen der jeweiligen Drittanbieter nutzen (z. B. Twitter, LinkedIn, Facebook, YouTube) entsprechend deren Datenschutz- und Cookie-Richtlinien.<\/p>\n\n\n\n<p>Vielen Dank f\u00fcr Ihre Zusammenarbeit.<\/p>\n\n\n\n<div style=\"height:50px\" aria-hidden=\"true\" class=\"wp-block-spacer\"><\/div>\n","protected":false},"excerpt":{"rendered":"<p>Cookie-Richtlinie Willkommen zur COOKIE-RICHTLINIE der Website der Organisation SVETLANA FOTINA, mit NIF 49770169D. Hier erkl\u00e4ren wir Ihnen in klarer und einfacher Sprache alles, was Sie wissen m\u00fcssen, damit Sie entsprechend Ihren pers\u00f6nlichen Entscheidungen die Kontrolle \u00fcber Cookies behalten. Was sind Cookies und wof\u00fcr verwenden wir sie? Ein Cookie (auch \u201eBrowser-Cookie\u201c) ist eine kleine Informationsdatei, die [&hellip;]<\/p>\n","protected":false},"author":1,"featured_media":0,"parent":0,"menu_order":0,"comment_status":"closed","ping_status":"closed","template":"","meta":{"site-sidebar-layout":"default","site-content-layout":"","ast-site-content-layout":"default","site-content-style":"default","site-sidebar-style":"default","ast-global-header-display":"","ast-banner-title-visibility":"","ast-main-header-display":"","ast-hfb-above-header-display":"","ast-hfb-below-header-display":"","ast-hfb-mobile-header-display":"","site-post-title":"disabled","ast-breadcrumbs-content":"","ast-featured-img":"","footer-sml-layout":"","ast-disable-related-posts":"","theme-transparent-header-meta":"","adv-header-id-meta":"","stick-header-meta":"","header-above-stick-meta":"","header-main-stick-meta":"","header-below-stick-meta":"","astra-migrate-meta-layouts":"","ast-page-background-enabled":"default","ast-page-background-meta":{"desktop":{"background-color":"var(--ast-global-color-4)","background-image":"","background-repeat":"repeat","background-position":"center center","background-size":"auto","background-attachment":"scroll","background-type":"","background-media":"","overlay-type":"","overlay-color":"","overlay-opacity":"","overlay-gradient":""},"tablet":{"background-color":"","background-image":"","background-repeat":"repeat","background-position":"center center","background-size":"auto","background-attachment":"scroll","background-type":"","background-media":"","overlay-type":"","overlay-color":"","overlay-opacity":"","overlay-gradient":""},"mobile":{"background-color":"","background-image":"","background-repeat":"repeat","background-position":"center center","background-size":"auto","background-attachment":"scroll","background-type":"","background-media":"","overlay-type":"","overlay-color":"","overlay-opacity":"","overlay-gradient":""}},"ast-content-background-meta":{"desktop":{"background-color":"var(--ast-global-color-5)","background-image":"","background-repeat":"repeat","background-position":"center center","background-size":"auto","background-attachment":"scroll","background-type":"","background-media":"","overlay-type":"","overlay-color":"","overlay-opacity":"","overlay-gradient":""},"tablet":{"background-color":"var(--ast-global-color-5)","background-image":"","background-repeat":"repeat","background-position":"center center","background-size":"auto","background-attachment":"scroll","background-type":"","background-media":"","overlay-type":"","overlay-color":"","overlay-opacity":"","overlay-gradient":""},"mobile":{"background-color":"var(--ast-global-color-5)","background-image":"","background-repeat":"repeat","background-position":"center center","background-size":"auto","background-attachment":"scroll","background-type":"","background-media":"","overlay-type":"","overlay-color":"","overlay-opacity":"","overlay-gradient":""}},"_joinchat":[],"footnotes":""},"class_list":["post-65","page","type-page","status-publish","hentry"],"yoast_head":"<!-- This site is optimized with the Yoast SEO plugin v27.3 - https:\/\/yoast.com\/product\/yoast-seo-wordpress\/ -->\n<title>Cookie-Richtlinie - Zahnklinik Son Sardina | Deutscher Zahnarzt in Palma<\/title>\n<meta name=\"robots\" content=\"noindex, follow\" \/>\n<meta property=\"og:locale\" content=\"de_DE\" \/>\n<meta property=\"og:type\" content=\"article\" \/>\n<meta property=\"og:title\" content=\"Cookie-Richtlinie - Zahnklinik Son Sardina | Deutscher Zahnarzt in Palma\" \/>\n<meta property=\"og:description\" content=\"Cookie-Richtlinie Willkommen zur COOKIE-RICHTLINIE der Website der Organisation SVETLANA FOTINA, mit NIF 49770169D. Hier erkl\u00e4ren wir Ihnen in klarer und einfacher Sprache alles, was Sie wissen m\u00fcssen, damit Sie entsprechend Ihren pers\u00f6nlichen Entscheidungen die Kontrolle \u00fcber Cookies behalten. Was sind Cookies und wof\u00fcr verwenden wir sie? Ein Cookie (auch \u201eBrowser-Cookie\u201c) ist eine kleine Informationsdatei, die [&hellip;]\" \/>\n<meta property=\"og:url\" content=\"https:\/\/dentalsonsardina.com\/de\/cookie-richtlinie\/\" \/>\n<meta property=\"og:site_name\" content=\"Zahnklinik Son Sardina | Deutscher Zahnarzt in Palma\" \/>\n<meta property=\"article:modified_time\" content=\"2026-04-05T12:43:32+00:00\" \/>\n<meta property=\"og:image\" content=\"https:\/\/dentalsonsardina.com\/de\/wp-content\/uploads\/2023\/09\/Dentistas-en-Palma-de-Mallorca-1920.jpg\" \/>\n\t<meta property=\"og:image:width\" content=\"1920\" \/>\n\t<meta property=\"og:image:height\" content=\"1080\" \/>\n\t<meta property=\"og:image:type\" content=\"image\/jpeg\" \/>\n<meta name=\"twitter:card\" content=\"summary_large_image\" \/>\n<meta name=\"twitter:label1\" content=\"Gesch\u00e4tzte Lesezeit\" \/>\n\t<meta name=\"twitter:data1\" content=\"8\u00a0Minuten\" \/>\n<script type=\"application\/ld+json\" class=\"yoast-schema-graph\">{\"@context\":\"https:\\\/\\\/schema.org\",\"@graph\":[{\"@type\":\"WebPage\",\"@id\":\"https:\\\/\\\/dentalsonsardina.com\\\/de\\\/cookie-richtlinie\\\/\",\"url\":\"https:\\\/\\\/dentalsonsardina.com\\\/de\\\/cookie-richtlinie\\\/\",\"name\":\"Cookie-Richtlinie - Zahnklinik Son Sardina | Deutscher Zahnarzt in Palma\",\"isPartOf\":{\"@id\":\"https:\\\/\\\/dentalsonsardina.com\\\/de\\\/#website\"},\"datePublished\":\"2023-09-01T09:53:17+00:00\",\"dateModified\":\"2026-04-05T12:43:32+00:00\",\"breadcrumb\":{\"@id\":\"https:\\\/\\\/dentalsonsardina.com\\\/de\\\/cookie-richtlinie\\\/#breadcrumb\"},\"inLanguage\":\"de\",\"potentialAction\":[{\"@type\":\"ReadAction\",\"target\":[\"https:\\\/\\\/dentalsonsardina.com\\\/de\\\/cookie-richtlinie\\\/\"]}]},{\"@type\":\"BreadcrumbList\",\"@id\":\"https:\\\/\\\/dentalsonsardina.com\\\/de\\\/cookie-richtlinie\\\/#breadcrumb\",\"itemListElement\":[{\"@type\":\"ListItem\",\"position\":1,\"name\":\"Portada\",\"item\":\"https:\\\/\\\/dentalsonsardina.com\\\/de\\\/\"},{\"@type\":\"ListItem\",\"position\":2,\"name\":\"Cookie-Richtlinie\"}]},{\"@type\":\"WebSite\",\"@id\":\"https:\\\/\\\/dentalsonsardina.com\\\/de\\\/#website\",\"url\":\"https:\\\/\\\/dentalsonsardina.com\\\/de\\\/\",\"name\":\"Zahnklinik Son Sardina | Deutscher Zahnarzt in Palma\",\"description\":\"Deutscher Zahnarzt in Palma de Mallorca \u2013 alle zahn\u00e4rztlichen Leistungen. Schwerpunkt: Parodontologie, \u00e4sthetische Zahnheilkunde &amp; Notf\u00e4lle.\",\"publisher\":{\"@id\":\"https:\\\/\\\/dentalsonsardina.com\\\/de\\\/#organization\"},\"potentialAction\":[{\"@type\":\"SearchAction\",\"target\":{\"@type\":\"EntryPoint\",\"urlTemplate\":\"https:\\\/\\\/dentalsonsardina.com\\\/de\\\/?s={search_term_string}\"},\"query-input\":{\"@type\":\"PropertyValueSpecification\",\"valueRequired\":true,\"valueName\":\"search_term_string\"}}],\"inLanguage\":\"de\"},{\"@type\":\"Organization\",\"@id\":\"https:\\\/\\\/dentalsonsardina.com\\\/de\\\/#organization\",\"name\":\"Dental Klinik Son Sardina\",\"alternateName\":\"Dental Klinik Son Sardina Palma\",\"url\":\"https:\\\/\\\/dentalsonsardina.com\\\/de\\\/\",\"logo\":{\"@type\":\"ImageObject\",\"inLanguage\":\"de\",\"@id\":\"https:\\\/\\\/dentalsonsardina.com\\\/de\\\/#\\\/schema\\\/logo\\\/image\\\/\",\"url\":\"https:\\\/\\\/dentalsonsardina.com\\\/de\\\/wp-content\\\/uploads\\\/2023\\\/08\\\/cropped-logo-3.png\",\"contentUrl\":\"https:\\\/\\\/dentalsonsardina.com\\\/de\\\/wp-content\\\/uploads\\\/2023\\\/08\\\/cropped-logo-3.png\",\"width\":201,\"height\":67,\"caption\":\"Dental Klinik Son Sardina\"},\"image\":{\"@id\":\"https:\\\/\\\/dentalsonsardina.com\\\/de\\\/#\\\/schema\\\/logo\\\/image\\\/\"}}]}<\/script>\n<!-- \/ Yoast SEO plugin. -->","yoast_head_json":{"title":"Cookie-Richtlinie - Zahnklinik Son Sardina | Deutscher Zahnarzt in Palma","robots":{"index":"noindex","follow":"follow"},"og_locale":"de_DE","og_type":"article","og_title":"Cookie-Richtlinie - Zahnklinik Son Sardina | Deutscher Zahnarzt in Palma","og_description":"Cookie-Richtlinie Willkommen zur COOKIE-RICHTLINIE der Website der Organisation SVETLANA FOTINA, mit NIF 49770169D. Hier erkl\u00e4ren wir Ihnen in klarer und einfacher Sprache alles, was Sie wissen m\u00fcssen, damit Sie entsprechend Ihren pers\u00f6nlichen Entscheidungen die Kontrolle \u00fcber Cookies behalten. Was sind Cookies und wof\u00fcr verwenden wir sie? Ein Cookie (auch \u201eBrowser-Cookie\u201c) ist eine kleine Informationsdatei, die [&hellip;]","og_url":"https:\/\/dentalsonsardina.com\/de\/cookie-richtlinie\/","og_site_name":"Zahnklinik Son Sardina | Deutscher Zahnarzt in Palma","article_modified_time":"2026-04-05T12:43:32+00:00","og_image":[{"width":1920,"height":1080,"url":"https:\/\/dentalsonsardina.com\/de\/wp-content\/uploads\/2023\/09\/Dentistas-en-Palma-de-Mallorca-1920.jpg","type":"image\/jpeg"}],"twitter_card":"summary_large_image","twitter_misc":{"Gesch\u00e4tzte Lesezeit":"8\u00a0Minuten"},"schema":{"@context":"https:\/\/schema.org","@graph":[{"@type":"WebPage","@id":"https:\/\/dentalsonsardina.com\/de\/cookie-richtlinie\/","url":"https:\/\/dentalsonsardina.com\/de\/cookie-richtlinie\/","name":"Cookie-Richtlinie - Zahnklinik Son Sardina | Deutscher Zahnarzt in Palma","isPartOf":{"@id":"https:\/\/dentalsonsardina.com\/de\/#website"},"datePublished":"2023-09-01T09:53:17+00:00","dateModified":"2026-04-05T12:43:32+00:00","breadcrumb":{"@id":"https:\/\/dentalsonsardina.com\/de\/cookie-richtlinie\/#breadcrumb"},"inLanguage":"de","potentialAction":[{"@type":"ReadAction","target":["https:\/\/dentalsonsardina.com\/de\/cookie-richtlinie\/"]}]},{"@type":"BreadcrumbList","@id":"https:\/\/dentalsonsardina.com\/de\/cookie-richtlinie\/#breadcrumb","itemListElement":[{"@type":"ListItem","position":1,"name":"Portada","item":"https:\/\/dentalsonsardina.com\/de\/"},{"@type":"ListItem","position":2,"name":"Cookie-Richtlinie"}]},{"@type":"WebSite","@id":"https:\/\/dentalsonsardina.com\/de\/#website","url":"https:\/\/dentalsonsardina.com\/de\/","name":"Zahnklinik Son Sardina | Deutscher Zahnarzt in Palma","description":"Deutscher Zahnarzt in Palma de Mallorca \u2013 alle zahn\u00e4rztlichen Leistungen. Schwerpunkt: Parodontologie, \u00e4sthetische Zahnheilkunde &amp; Notf\u00e4lle.","publisher":{"@id":"https:\/\/dentalsonsardina.com\/de\/#organization"},"potentialAction":[{"@type":"SearchAction","target":{"@type":"EntryPoint","urlTemplate":"https:\/\/dentalsonsardina.com\/de\/?s={search_term_string}"},"query-input":{"@type":"PropertyValueSpecification","valueRequired":true,"valueName":"search_term_string"}}],"inLanguage":"de"},{"@type":"Organization","@id":"https:\/\/dentalsonsardina.com\/de\/#organization","name":"Dental Klinik Son Sardina","alternateName":"Dental Klinik Son Sardina Palma","url":"https:\/\/dentalsonsardina.com\/de\/","logo":{"@type":"ImageObject","inLanguage":"de","@id":"https:\/\/dentalsonsardina.com\/de\/#\/schema\/logo\/image\/","url":"https:\/\/dentalsonsardina.com\/de\/wp-content\/uploads\/2023\/08\/cropped-logo-3.png","contentUrl":"https:\/\/dentalsonsardina.com\/de\/wp-content\/uploads\/2023\/08\/cropped-logo-3.png","width":201,"height":67,"caption":"Dental Klinik Son Sardina"},"image":{"@id":"https:\/\/dentalsonsardina.com\/de\/#\/schema\/logo\/image\/"}}]}},"_links":{"self":[{"href":"https:\/\/dentalsonsardina.com\/de\/wp-json\/wp\/v2\/pages\/65","targetHints":{"allow":["GET"]}}],"collection":[{"href":"https:\/\/dentalsonsardina.com\/de\/wp-json\/wp\/v2\/pages"}],"about":[{"href":"https:\/\/dentalsonsardina.com\/de\/wp-json\/wp\/v2\/types\/page"}],"author":[{"embeddable":true,"href":"https:\/\/dentalsonsardina.com\/de\/wp-json\/wp\/v2\/users\/1"}],"replies":[{"embeddable":true,"href":"https:\/\/dentalsonsardina.com\/de\/wp-json\/wp\/v2\/comments?post=65"}],"version-history":[{"count":5,"href":"https:\/\/dentalsonsardina.com\/de\/wp-json\/wp\/v2\/pages\/65\/revisions"}],"predecessor-version":[{"id":2734,"href":"https:\/\/dentalsonsardina.com\/de\/wp-json\/wp\/v2\/pages\/65\/revisions\/2734"}],"wp:attachment":[{"href":"https:\/\/dentalsonsardina.com\/de\/wp-json\/wp\/v2\/media?parent=65"}],"curies":[{"name":"wp","href":"https:\/\/api.w.org\/{rel}","templated":true}]}}