{"id":390,"date":"2023-09-03T11:13:33","date_gmt":"2023-09-03T09:13:33","guid":{"rendered":"https:\/\/delorean360.com\/dentalsonsardina\/?page_id=390"},"modified":"2026-02-28T19:30:48","modified_gmt":"2026-02-28T18:30:48","slug":"datenschutz-verpflichtung","status":"publish","type":"page","link":"https:\/\/dentalsonsardina.com\/de\/datenschutz-verpflichtung\/","title":{"rendered":"Verpflichtung zum Schutz personenbezogener Daten"},"content":{"rendered":"\t\t<div data-elementor-type=\"wp-page\" data-elementor-id=\"390\" class=\"elementor elementor-390\">\n\t\t\t\t\t\t<section class=\"elementor-section elementor-top-section elementor-element elementor-element-46310aa9 elementor-section-content-middle elementor-section-boxed elementor-section-height-default elementor-section-height-default\" data-id=\"46310aa9\" data-element_type=\"section\" data-e-type=\"section\" data-settings=\"{&quot;background_background&quot;:&quot;classic&quot;}\">\n\t\t\t\t\t\t<div class=\"elementor-container elementor-column-gap-no\">\n\t\t\t\t\t<div class=\"elementor-column elementor-col-100 elementor-top-column elementor-element elementor-element-42edb1f8\" data-id=\"42edb1f8\" data-element_type=\"column\" data-e-type=\"column\">\n\t\t\t<div class=\"elementor-widget-wrap elementor-element-populated\">\n\t\t\t\t\t\t<div class=\"elementor-element elementor-element-f4a3261 elementor-widget__width-initial elementor-widget elementor-widget-heading\" data-id=\"f4a3261\" data-element_type=\"widget\" data-e-type=\"widget\" data-widget_type=\"heading.default\">\n\t\t\t\t<div class=\"elementor-widget-container\">\n\t\t\t\t\t<h2 class=\"elementor-heading-title elementor-size-default\">Verpflichtung zum Schutz personenbezogener Daten<\/h2>\t\t\t\t<\/div>\n\t\t\t\t<\/div>\n\t\t\t\t<div class=\"elementor-element elementor-element-1e9ddee elementor-widget__width-initial elementor-widget elementor-widget-heading\" data-id=\"1e9ddee\" data-element_type=\"widget\" data-e-type=\"widget\" data-widget_type=\"heading.default\">\n\t\t\t\t<div class=\"elementor-widget-container\">\n\t\t\t\t\t<h3 class=\"elementor-heading-title elementor-size-default\">UNSERE VERPFLICHTUNG ZUM SCHUTZ PERSONENBEZOGENER DATEN: \u201eINFORMIERTE PERSONEN UND GESCH\u00dcTZTE DATEN\u201c<\/h3>\t\t\t\t<\/div>\n\t\t\t\t<\/div>\n\t\t\t\t<div class=\"elementor-element elementor-element-34ee0f0 elementor-widget elementor-widget-text-editor\" data-id=\"34ee0f0\" data-element_type=\"widget\" data-e-type=\"widget\" data-widget_type=\"text-editor.default\">\n\t\t\t\t<div class=\"elementor-widget-container\">\n\t\t\t\t\t\t\t\t\t<p data-start=\"1548\" data-end=\"2413\">Die Gesch\u00e4ftsleitung \/ das Leitungsorgan von <strong data-start=\"1593\" data-end=\"1612\">SVETLANA FOTINA<\/strong> (im Folgenden \u201eVerantwortlicher\u201c bzw. \u201ef\u00fcr die Verarbeitung Verantwortlicher\u201c) \u00fcbernimmt die h\u00f6chste Verantwortung und Verpflichtung f\u00fcr die Festlegung, Umsetzung und Aufrechterhaltung dieser Datenschutzpolitik. Dabei wird eine kontinuierliche Verbesserung des Verantwortlichen gew\u00e4hrleistet, mit dem Ziel, Exzellenz in Bezug auf die Einhaltung der <strong data-start=\"1962\" data-end=\"1990\">Verordnung (EU) 2016\/679<\/strong> des Europ\u00e4ischen Parlaments und des Rates vom 27. April 2016 zum Schutz nat\u00fcrlicher Personen bei der Verarbeitung personenbezogener Daten und zum freien Datenverkehr sowie zur Aufhebung der Richtlinie 95\/46\/EG (<strong data-start=\"2202\" data-end=\"2241\">Datenschutz-Grundverordnung \u2013 DSGVO<\/strong>) (ABl. L 119\/1, 04.05.2016) sowie der spanischen Datenschutzvorschriften (Organgesetz, einschl\u00e4gige sektorale Regelungen und deren Durchf\u00fchrungsbestimmungen) zu erreichen.<\/p><p data-start=\"2415\" data-end=\"2746\">Die Datenschutzpolitik von <strong data-start=\"2442\" data-end=\"2461\">SVETLANA FOTINA<\/strong> beruht auf dem Grundsatz der <strong data-start=\"2491\" data-end=\"2524\">proaktiven Verantwortlichkeit<\/strong> (\u201eAccountability\u201c). Danach ist der Verantwortliche f\u00fcr die Einhaltung des rechtlichen und judikativen Rahmens, der diese Politik regelt, verantwortlich und kann dies gegen\u00fcber den zust\u00e4ndigen Aufsichtsbeh\u00f6rden nachweisen.<\/p><p data-start=\"2748\" data-end=\"2940\">In diesem Sinne richtet sich der Verantwortliche nach den folgenden Grunds\u00e4tzen, die dem gesamten Personal als Leitfaden und Referenzrahmen bei der Verarbeitung personenbezogener Daten dienen:<\/p><ul data-start=\"2942\" data-end=\"5604\"><li data-start=\"2942\" data-end=\"3379\"><p data-start=\"2944\" data-end=\"3379\"><strong data-start=\"2944\" data-end=\"3004\">Datenschutz durch Technikgestaltung (Privacy by Design):<\/strong> Der Verantwortliche wendet sowohl bei der Festlegung der Mittel der Verarbeitung als auch bei der Verarbeitung selbst geeignete technische und organisatorische Ma\u00dfnahmen an \u2013 wie z. B. die Pseudonymisierung \u2013, die dazu bestimmt sind, die Datenschutzgrunds\u00e4tze (z. B. Datenminimierung) wirksam umzusetzen und die erforderlichen Garantien in die Verarbeitung zu integrieren.<\/p><\/li><li data-start=\"3380\" data-end=\"3702\"><p data-start=\"3382\" data-end=\"3702\"><strong data-start=\"3382\" data-end=\"3447\">Datenschutzfreundliche Voreinstellungen (Privacy by Default):<\/strong> Der Verantwortliche trifft geeignete technische und organisatorische Ma\u00dfnahmen, um sicherzustellen, dass standardm\u00e4\u00dfig nur diejenigen personenbezogenen Daten verarbeitet werden, die f\u00fcr den jeweiligen konkreten Zweck der Verarbeitung erforderlich sind.<\/p><\/li><li data-start=\"3703\" data-end=\"3877\"><p data-start=\"3705\" data-end=\"3877\"><strong data-start=\"3705\" data-end=\"3770\">Datenschutz \u00fcber den gesamten Lebenszyklus der Informationen:<\/strong> Ma\u00dfnahmen zum Schutz personenbezogener Daten gelten w\u00e4hrend des gesamten Lebenszyklus der Informationen.<\/p><\/li><li data-start=\"3878\" data-end=\"4053\"><p data-start=\"3880\" data-end=\"4053\"><strong data-start=\"3880\" data-end=\"3925\">Rechtm\u00e4\u00dfigkeit, Fairness und Transparenz:<\/strong> Personenbezogene Daten werden rechtm\u00e4\u00dfig, nach Treu und Glauben und transparent gegen\u00fcber der betroffenen Person verarbeitet.<\/p><\/li><li data-start=\"4054\" data-end=\"4238\"><p data-start=\"4056\" data-end=\"4238\"><strong data-start=\"4056\" data-end=\"4073\">Zweckbindung:<\/strong> Personenbezogene Daten werden f\u00fcr festgelegte, eindeutige und legitime Zwecke erhoben und nicht in einer mit diesen Zwecken unvereinbaren Weise weiterverarbeitet.<\/p><\/li><li data-start=\"4239\" data-end=\"4395\"><p data-start=\"4241\" data-end=\"4395\"><strong data-start=\"4241\" data-end=\"4262\">Datenminimierung:<\/strong> Personenbezogene Daten sind dem Zweck angemessen, erheblich und auf das f\u00fcr die Zwecke der Verarbeitung notwendige Ma\u00df beschr\u00e4nkt.<\/p><\/li><li data-start=\"4396\" data-end=\"4687\"><p data-start=\"4398\" data-end=\"4687\"><strong data-start=\"4398\" data-end=\"4414\">Richtigkeit:<\/strong> Personenbezogene Daten sind sachlich richtig und werden erforderlichenfalls auf dem neuesten Stand gehalten; es werden alle angemessenen Ma\u00dfnahmen getroffen, damit unrichtige Daten im Hinblick auf die Zwecke der Verarbeitung unverz\u00fcglich gel\u00f6scht oder berichtigt werden.<\/p><\/li><li data-start=\"4688\" data-end=\"4903\"><p data-start=\"4690\" data-end=\"4903\"><strong data-start=\"4690\" data-end=\"4713\">Speicherbegrenzung:<\/strong> Personenbezogene Daten werden in einer Form gespeichert, die die Identifizierung der betroffenen Personen nur so lange erm\u00f6glicht, wie es f\u00fcr die Zwecke der Verarbeitung erforderlich ist.<\/p><\/li><li data-start=\"4904\" data-end=\"5236\"><p data-start=\"4906\" data-end=\"5236\"><strong data-start=\"4906\" data-end=\"4941\">Integrit\u00e4t und Vertraulichkeit:<\/strong> Personenbezogene Daten werden so verarbeitet, dass eine angemessene Sicherheit gew\u00e4hrleistet ist \u2013 einschlie\u00dflich Schutz vor unbefugter oder unrechtm\u00e4\u00dfiger Verarbeitung sowie vor unbeabsichtigtem Verlust, Zerst\u00f6rung oder Sch\u00e4digung \u2013 durch geeignete technische und organisatorische Ma\u00dfnahmen.<\/p><\/li><li data-start=\"5237\" data-end=\"5604\"><p data-start=\"5239\" data-end=\"5604\"><strong data-start=\"5239\" data-end=\"5268\">Information und Schulung:<\/strong> Ein zentraler Faktor f\u00fcr den Schutz personenbezogener Daten ist die Schulung und Information des an der Verarbeitung beteiligten Personals. W\u00e4hrend des gesamten Lebenszyklus der Informationen wird das Personal mit Zugang zu Daten angemessen geschult und \u00fcber seine Verpflichtungen zur Einhaltung der Datenschutzvorschriften informiert.<\/p><\/li><\/ul><p data-start=\"5606\" data-end=\"5770\">Die Datenschutzpolitik von <strong data-start=\"5633\" data-end=\"5652\">SVETLANA FOTINA<\/strong> wird allen Mitarbeitenden des Verantwortlichen kommuniziert und allen interessierten Parteien zur Verf\u00fcgung gestellt.<\/p><p data-start=\"5772\" data-end=\"6181\">Folglich umfasst diese Datenschutzpolitik das gesamte Personal des Verantwortlichen. Jede Person muss die Politik kennen und als eigene Verpflichtung \u00fcbernehmen. Jedes Teammitglied ist daf\u00fcr verantwortlich, sie anzuwenden, die f\u00fcr seine T\u00e4tigkeit geltenden Datenschutzvorschriften zu pr\u00fcfen sowie Verbesserungsm\u00f6glichkeiten zu erkennen und vorzuschlagen, um Exzellenz in Bezug auf die Einhaltung zu erreichen.<\/p><p data-start=\"6183\" data-end=\"6424\">Diese Politik wird von der Gesch\u00e4ftsleitung \/ dem Leitungsorgan von <strong data-start=\"6251\" data-end=\"6270\">SVETLANA FOTINA<\/strong> so oft \u00fcberpr\u00fcft, wie es f\u00fcr erforderlich gehalten wird, um jederzeit an die geltenden Bestimmungen zum Schutz personenbezogener Daten angepasst zu sein.<\/p>\t\t\t\t\t\t\t\t<\/div>\n\t\t\t\t<\/div>\n\t\t\t\t\t<\/div>\n\t\t<\/div>\n\t\t\t\t\t<\/div>\n\t\t<\/section>\n\t\t\t\t<\/div>\n\t\t","protected":false},"excerpt":{"rendered":"<p>Verpflichtung zum Schutz personenbezogener Daten UNSERE VERPFLICHTUNG ZUM SCHUTZ PERSONENBEZOGENER DATEN: \u201eINFORMIERTE PERSONEN UND GESCH\u00dcTZTE DATEN\u201c Die Gesch\u00e4ftsleitung \/ das Leitungsorgan von SVETLANA FOTINA (im Folgenden \u201eVerantwortlicher\u201c bzw. \u201ef\u00fcr die Verarbeitung Verantwortlicher\u201c) \u00fcbernimmt die h\u00f6chste Verantwortung und Verpflichtung f\u00fcr die Festlegung, Umsetzung und Aufrechterhaltung dieser Datenschutzpolitik. Dabei wird eine kontinuierliche Verbesserung des Verantwortlichen gew\u00e4hrleistet, mit &hellip;<\/p>\n<p class=\"read-more\"> <a class=\"\" href=\"https:\/\/dentalsonsardina.com\/de\/datenschutz-verpflichtung\/\"> <span class=\"screen-reader-text\">Verpflichtung zum Schutz personenbezogener Daten<\/span> Weiterlesen &raquo;<\/a><\/p>\n","protected":false},"author":1,"featured_media":0,"parent":0,"menu_order":0,"comment_status":"closed","ping_status":"closed","template":"","meta":{"site-sidebar-layout":"no-sidebar","site-content-layout":"","ast-site-content-layout":"full-width-container","site-content-style":"default","site-sidebar-style":"default","ast-global-header-display":"","ast-banner-title-visibility":"","ast-main-header-display":"","ast-hfb-above-header-display":"","ast-hfb-below-header-display":"","ast-hfb-mobile-header-display":"","site-post-title":"disabled","ast-breadcrumbs-content":"","ast-featured-img":"disabled","footer-sml-layout":"","theme-transparent-header-meta":"","adv-header-id-meta":"","stick-header-meta":"","header-above-stick-meta":"","header-main-stick-meta":"","header-below-stick-meta":"","astra-migrate-meta-layouts":"","_joinchat":[],"footnotes":""},"class_list":["post-390","page","type-page","status-publish","hentry"],"yoast_head":"<!-- This site is optimized with the Yoast SEO plugin v27.2 - https:\/\/yoast.com\/product\/yoast-seo-wordpress\/ -->\n<title>Datenschutz-Verpflichtung | Zahnklinik Son Sardina (Palma)<\/title>\n<meta name=\"robots\" content=\"noindex, follow\" \/>\n<meta property=\"og:locale\" content=\"de_DE\" \/>\n<meta property=\"og:type\" content=\"article\" \/>\n<meta property=\"og:title\" content=\"Datenschutz-Verpflichtung | Zahnklinik Son Sardina (Palma)\" \/>\n<meta property=\"og:description\" content=\"Verpflichtung zum Schutz personenbezogener Daten UNSERE VERPFLICHTUNG ZUM SCHUTZ PERSONENBEZOGENER DATEN: \u201eINFORMIERTE PERSONEN UND GESCH\u00dcTZTE DATEN\u201c Die Gesch\u00e4ftsleitung \/ das Leitungsorgan von SVETLANA FOTINA (im Folgenden \u201eVerantwortlicher\u201c bzw. \u201ef\u00fcr die Verarbeitung Verantwortlicher\u201c) \u00fcbernimmt die h\u00f6chste Verantwortung und Verpflichtung f\u00fcr die Festlegung, Umsetzung und Aufrechterhaltung dieser Datenschutzpolitik. Dabei wird eine kontinuierliche Verbesserung des Verantwortlichen gew\u00e4hrleistet, mit &hellip; Verpflichtung zum Schutz personenbezogener Daten Weiterlesen &raquo;\" \/>\n<meta property=\"og:url\" content=\"https:\/\/dentalsonsardina.com\/de\/datenschutz-verpflichtung\/\" \/>\n<meta property=\"og:site_name\" content=\"Zahnklinik Son Sardina | Deutscher Zahnarzt in Palma\" \/>\n<meta property=\"article:modified_time\" content=\"2026-02-28T18:30:48+00:00\" \/>\n<meta property=\"og:image\" content=\"https:\/\/dentalsonsardina.com\/de\/wp-content\/uploads\/2023\/09\/Dentistas-en-Palma-de-Mallorca-1920.jpg\" \/>\n\t<meta property=\"og:image:width\" content=\"1920\" \/>\n\t<meta property=\"og:image:height\" content=\"1080\" \/>\n\t<meta property=\"og:image:type\" content=\"image\/jpeg\" \/>\n<meta name=\"twitter:card\" content=\"summary_large_image\" \/>\n<meta name=\"twitter:label1\" content=\"Gesch\u00e4tzte Lesezeit\" \/>\n\t<meta name=\"twitter:data1\" content=\"4\u00a0Minuten\" \/>\n<script type=\"application\/ld+json\" class=\"yoast-schema-graph\">{\"@context\":\"https:\/\/schema.org\",\"@graph\":[{\"@type\":\"WebPage\",\"@id\":\"https:\/\/dentalsonsardina.com\/de\/datenschutz-verpflichtung\/\",\"url\":\"https:\/\/dentalsonsardina.com\/de\/datenschutz-verpflichtung\/\",\"name\":\"Datenschutz-Verpflichtung | Zahnklinik Son Sardina (Palma)\",\"isPartOf\":{\"@id\":\"https:\/\/dentalsonsardina.com\/de\/#website\"},\"datePublished\":\"2023-09-03T09:13:33+00:00\",\"dateModified\":\"2026-02-28T18:30:48+00:00\",\"breadcrumb\":{\"@id\":\"https:\/\/dentalsonsardina.com\/de\/datenschutz-verpflichtung\/#breadcrumb\"},\"inLanguage\":\"de\",\"potentialAction\":[{\"@type\":\"ReadAction\",\"target\":[\"https:\/\/dentalsonsardina.com\/de\/datenschutz-verpflichtung\/\"]}]},{\"@type\":\"BreadcrumbList\",\"@id\":\"https:\/\/dentalsonsardina.com\/de\/datenschutz-verpflichtung\/#breadcrumb\",\"itemListElement\":[{\"@type\":\"ListItem\",\"position\":1,\"name\":\"Portada\",\"item\":\"https:\/\/dentalsonsardina.com\/de\/\"},{\"@type\":\"ListItem\",\"position\":2,\"name\":\"Verpflichtung zum Schutz personenbezogener Daten\"}]},{\"@type\":\"WebSite\",\"@id\":\"https:\/\/dentalsonsardina.com\/de\/#website\",\"url\":\"https:\/\/dentalsonsardina.com\/de\/\",\"name\":\"Zahnklinik Son Sardina | Deutscher Zahnarzt in Palma\",\"description\":\"Deutscher Zahnarzt in Palma de Mallorca \u2013 alle zahn\u00e4rztlichen Leistungen. Schwerpunkt: Parodontologie, \u00e4sthetische Zahnheilkunde &amp; Notf\u00e4lle.\",\"publisher\":{\"@id\":\"https:\/\/dentalsonsardina.com\/de\/#organization\"},\"potentialAction\":[{\"@type\":\"SearchAction\",\"target\":{\"@type\":\"EntryPoint\",\"urlTemplate\":\"https:\/\/dentalsonsardina.com\/de\/?s={search_term_string}\"},\"query-input\":{\"@type\":\"PropertyValueSpecification\",\"valueRequired\":true,\"valueName\":\"search_term_string\"}}],\"inLanguage\":\"de\"},{\"@type\":\"Organization\",\"@id\":\"https:\/\/dentalsonsardina.com\/de\/#organization\",\"name\":\"Dental Klinik Son Sardina\",\"alternateName\":\"Dental Klinik Son Sardina Palma\",\"url\":\"https:\/\/dentalsonsardina.com\/de\/\",\"logo\":{\"@type\":\"ImageObject\",\"inLanguage\":\"de\",\"@id\":\"https:\/\/dentalsonsardina.com\/de\/#\/schema\/logo\/image\/\",\"url\":\"https:\/\/dentalsonsardina.com\/de\/wp-content\/uploads\/2023\/08\/cropped-logo-3.png\",\"contentUrl\":\"https:\/\/dentalsonsardina.com\/de\/wp-content\/uploads\/2023\/08\/cropped-logo-3.png\",\"width\":201,\"height\":67,\"caption\":\"Dental Klinik Son Sardina\"},\"image\":{\"@id\":\"https:\/\/dentalsonsardina.com\/de\/#\/schema\/logo\/image\/\"}}]}<\/script>\n<!-- \/ Yoast SEO plugin. -->","yoast_head_json":{"title":"Datenschutz-Verpflichtung | Zahnklinik Son Sardina (Palma)","robots":{"index":"noindex","follow":"follow"},"og_locale":"de_DE","og_type":"article","og_title":"Datenschutz-Verpflichtung | Zahnklinik Son Sardina (Palma)","og_description":"Verpflichtung zum Schutz personenbezogener Daten UNSERE VERPFLICHTUNG ZUM SCHUTZ PERSONENBEZOGENER DATEN: \u201eINFORMIERTE PERSONEN UND GESCH\u00dcTZTE DATEN\u201c Die Gesch\u00e4ftsleitung \/ das Leitungsorgan von SVETLANA FOTINA (im Folgenden \u201eVerantwortlicher\u201c bzw. \u201ef\u00fcr die Verarbeitung Verantwortlicher\u201c) \u00fcbernimmt die h\u00f6chste Verantwortung und Verpflichtung f\u00fcr die Festlegung, Umsetzung und Aufrechterhaltung dieser Datenschutzpolitik. Dabei wird eine kontinuierliche Verbesserung des Verantwortlichen gew\u00e4hrleistet, mit &hellip; Verpflichtung zum Schutz personenbezogener Daten Weiterlesen &raquo;","og_url":"https:\/\/dentalsonsardina.com\/de\/datenschutz-verpflichtung\/","og_site_name":"Zahnklinik Son Sardina | Deutscher Zahnarzt in Palma","article_modified_time":"2026-02-28T18:30:48+00:00","og_image":[{"width":1920,"height":1080,"url":"https:\/\/dentalsonsardina.com\/de\/wp-content\/uploads\/2023\/09\/Dentistas-en-Palma-de-Mallorca-1920.jpg","type":"image\/jpeg"}],"twitter_card":"summary_large_image","twitter_misc":{"Gesch\u00e4tzte Lesezeit":"4\u00a0Minuten"},"schema":{"@context":"https:\/\/schema.org","@graph":[{"@type":"WebPage","@id":"https:\/\/dentalsonsardina.com\/de\/datenschutz-verpflichtung\/","url":"https:\/\/dentalsonsardina.com\/de\/datenschutz-verpflichtung\/","name":"Datenschutz-Verpflichtung | Zahnklinik Son Sardina (Palma)","isPartOf":{"@id":"https:\/\/dentalsonsardina.com\/de\/#website"},"datePublished":"2023-09-03T09:13:33+00:00","dateModified":"2026-02-28T18:30:48+00:00","breadcrumb":{"@id":"https:\/\/dentalsonsardina.com\/de\/datenschutz-verpflichtung\/#breadcrumb"},"inLanguage":"de","potentialAction":[{"@type":"ReadAction","target":["https:\/\/dentalsonsardina.com\/de\/datenschutz-verpflichtung\/"]}]},{"@type":"BreadcrumbList","@id":"https:\/\/dentalsonsardina.com\/de\/datenschutz-verpflichtung\/#breadcrumb","itemListElement":[{"@type":"ListItem","position":1,"name":"Portada","item":"https:\/\/dentalsonsardina.com\/de\/"},{"@type":"ListItem","position":2,"name":"Verpflichtung zum Schutz personenbezogener Daten"}]},{"@type":"WebSite","@id":"https:\/\/dentalsonsardina.com\/de\/#website","url":"https:\/\/dentalsonsardina.com\/de\/","name":"Zahnklinik Son Sardina | Deutscher Zahnarzt in Palma","description":"Deutscher Zahnarzt in Palma de Mallorca \u2013 alle zahn\u00e4rztlichen Leistungen. Schwerpunkt: Parodontologie, \u00e4sthetische Zahnheilkunde &amp; Notf\u00e4lle.","publisher":{"@id":"https:\/\/dentalsonsardina.com\/de\/#organization"},"potentialAction":[{"@type":"SearchAction","target":{"@type":"EntryPoint","urlTemplate":"https:\/\/dentalsonsardina.com\/de\/?s={search_term_string}"},"query-input":{"@type":"PropertyValueSpecification","valueRequired":true,"valueName":"search_term_string"}}],"inLanguage":"de"},{"@type":"Organization","@id":"https:\/\/dentalsonsardina.com\/de\/#organization","name":"Dental Klinik Son Sardina","alternateName":"Dental Klinik Son Sardina Palma","url":"https:\/\/dentalsonsardina.com\/de\/","logo":{"@type":"ImageObject","inLanguage":"de","@id":"https:\/\/dentalsonsardina.com\/de\/#\/schema\/logo\/image\/","url":"https:\/\/dentalsonsardina.com\/de\/wp-content\/uploads\/2023\/08\/cropped-logo-3.png","contentUrl":"https:\/\/dentalsonsardina.com\/de\/wp-content\/uploads\/2023\/08\/cropped-logo-3.png","width":201,"height":67,"caption":"Dental Klinik Son Sardina"},"image":{"@id":"https:\/\/dentalsonsardina.com\/de\/#\/schema\/logo\/image\/"}}]}},"_links":{"self":[{"href":"https:\/\/dentalsonsardina.com\/de\/wp-json\/wp\/v2\/pages\/390","targetHints":{"allow":["GET"]}}],"collection":[{"href":"https:\/\/dentalsonsardina.com\/de\/wp-json\/wp\/v2\/pages"}],"about":[{"href":"https:\/\/dentalsonsardina.com\/de\/wp-json\/wp\/v2\/types\/page"}],"author":[{"embeddable":true,"href":"https:\/\/dentalsonsardina.com\/de\/wp-json\/wp\/v2\/users\/1"}],"replies":[{"embeddable":true,"href":"https:\/\/dentalsonsardina.com\/de\/wp-json\/wp\/v2\/comments?post=390"}],"version-history":[{"count":5,"href":"https:\/\/dentalsonsardina.com\/de\/wp-json\/wp\/v2\/pages\/390\/revisions"}],"predecessor-version":[{"id":2660,"href":"https:\/\/dentalsonsardina.com\/de\/wp-json\/wp\/v2\/pages\/390\/revisions\/2660"}],"wp:attachment":[{"href":"https:\/\/dentalsonsardina.com\/de\/wp-json\/wp\/v2\/media?parent=390"}],"curies":[{"name":"wp","href":"https:\/\/api.w.org\/{rel}","templated":true}]}}